{"id":12,"date":"2020-07-11T23:30:08","date_gmt":"2020-07-11T23:30:08","guid":{"rendered":"http:\/\/mijailalpizarweddings.com\/?page_id=12"},"modified":"2022-05-27T01:44:58","modified_gmt":"2022-05-27T01:44:58","slug":"inicio","status":"publish","type":"page","link":"https:\/\/mijailalpizarweddings.com\/en\/","title":{"rendered":"HOME"},"content":{"rendered":"<p>[et_pb_section fb_built=\u00bb1&#8243; fullwidth=\u00bbon\u00bb _builder_version=\u00bb4.16&#8243; _module_preset=\u00bbdefault\u00bb global_colors_info=\u00bb{}\u00bb][\/et_pb_section][et_pb_section fb_built=\u00bb1&#8243; fullwidth=\u00bbon\u00bb _builder_version=\u00bb4.16&#8243; _module_preset=\u00bbdefault\u00bb global_colors_info=\u00bb{}\u00bb][et_pb_fullwidth_code _builder_version=\u00bb4.16&#8243; _module_preset=\u00bbdefault\u00bb global_colors_info=\u00bb{}\u00bb][\/et_pb_fullwidth_code][\/et_pb_section][et_pb_section fb_built=\u00bb1&#8243; custom_padding_last_edited=\u00bbon|tablet\u00bb admin_label=\u00bbHero\u00bb _builder_version=\u00bb4.16&#8243; use_background_color_gradient=\u00bbon\u00bb background_color_gradient_direction=\u00bb90deg\u00bb background_color_gradient_stops=\u00bbrgba(0,0,0,0.17) 65%|#efd7de 65%\u00bb background_color_gradient_start=\u00bbrgba(0,0,0,0.17)\u00bb background_color_gradient_start_position=\u00bb65%\u00bb background_color_gradient_end=\u00bb#efd7de\u00bb background_color_gradient_end_position=\u00bb0%\u00bb custom_margin=\u00bb|||\u00bb custom_padding=\u00bb6vw|0px|0px|0px|false|false\u00bb custom_padding_tablet=\u00bb0vw|||\u00bb custom_padding_phone=\u00bb\u00bb global_colors_info=\u00bb{}\u00bb][et_pb_row column_structure=\u00bb1_2,1_2&#8243; make_equal=\u00bbon\u00bb disabled_on=\u00bboff|off|off\u00bb _builder_version=\u00bb4.16&#8243; width=\u00bb100%\u00bb max_width=\u00bb100%\u00bb custom_padding=\u00bb0px|0px|0px|0px|true|true\u00bb use_custom_width=\u00bbon\u00bb width_unit=\u00bboff\u00bb custom_width_percent=\u00bb100%\u00bb global_colors_info=\u00bb{}\u00bb][et_pb_column type=\u00bb1_2&#8243; _builder_version=\u00bb4.16&#8243; use_background_color_gradient=\u00bbon\u00bb background_color_gradient_direction=\u00bb30deg\u00bb background_color_gradient_stops=\u00bbrgba(222,213,216,0.1) 0%|rgba(222,213,216,0.7) 100%\u00bb background_color_gradient_overlays_image=\u00bbon\u00bb background_color_gradient_start=\u00bbrgba(222,213,216,0.1)\u00bb background_color_gradient_end=\u00bbrgba(222,213,216,0.7)\u00bb background_image=\u00bbhttp:\/\/mijailalpizarweddings.com\/wp-content\/uploads\/2020\/07\/logo-mij.jpg\u00bb custom_padding=\u00bb|||\u00bb global_colors_info=\u00bb{}\u00bb custom_padding__hover=\u00bb|||\u00bb][et_pb_divider show_divider=\u00bboff\u00bb _builder_version=\u00bb4.16&#8243; min_height=\u00bb622px\u00bb height=\u00bb20vw\u00bb global_colors_info=\u00bb{}\u00bb][\/et_pb_divider][\/et_pb_column][et_pb_column type=\u00bb1_2&#8243; _builder_version=\u00bb4.16&#8243; custom_padding=\u00bb10vw||10vw|\u00bb custom_padding_tablet=\u00bb|10%||10%||true\u00bb custom_padding_phone=\u00bb\u00bb custom_padding_last_edited=\u00bbon|tablet\u00bb global_colors_info=\u00bb{}\u00bb padding_tablet=\u00bb|10%||10%||true\u00bb padding_last_edited=\u00bbon|tablet\u00bb custom_padding__hover=\u00bb|||\u00bb padding_phone=\u00bb|10%||10%||true\u00bb][et_pb_text _builder_version=\u00bb4.16&#8243; text_font=\u00bb||||||||\u00bb text_font_size=\u00bb16px\u00bb text_line_height=\u00bb2em\u00bb header_font=\u00bbOswald|500||on|||||\u00bb header_font_size=\u00bb6vw\u00bb header_letter_spacing=\u00bb0.05em\u00bb header_line_height=\u00bb1.2em\u00bb header_5_font=\u00bbRoboto|700||on|||||\u00bb header_5_text_color=\u00bb#898ea2&#8243; header_5_font_size=\u00bb26px\u00bb header_5_letter_spacing=\u00bb10px\u00bb header_5_line_height=\u00bb1.4em\u00bb header_6_font=\u00bbRoboto|700||on|||||\u00bb header_6_text_color=\u00bb#d39b86&#8243; header_6_font_size=\u00bb16px\u00bb header_6_letter_spacing=\u00bb5px\u00bb header_6_line_height=\u00bb1.5em\u00bb text_orientation=\u00bbright\u00bb custom_margin=\u00bb|10vw|10vw|-20vw\u00bb custom_margin_tablet=\u00bb|0%||0%||true\u00bb custom_margin_phone=\u00bb|||\u00bb custom_margin_last_edited=\u00bbon|tablet\u00bb custom_padding=\u00bb|||\u00bb custom_padding_last_edited=\u00bboff|desktop\u00bb animation_style=\u00bbslide\u00bb animation_direction=\u00bbleft\u00bb animation_intensity_slide=\u00bb2%\u00bb header_font_size_tablet=\u00bb70px\u00bb header_font_size_phone=\u00bb40px\u00bb header_font_size_last_edited=\u00bbon|desktop\u00bb header_line_height_tablet=\u00bb\u00bb header_line_height_phone=\u00bb1.5em\u00bb header_line_height_last_edited=\u00bbon|phone\u00bb header_5_font_size_tablet=\u00bb\u00bb header_5_font_size_phone=\u00bb18px\u00bb header_5_font_size_last_edited=\u00bbon|phone\u00bb text_orientation_tablet=\u00bbcenter\u00bb text_orientation_phone=\u00bbcenter\u00bb text_orientation_last_edited=\u00bbon|desktop\u00bb locked=\u00bboff\u00bb global_colors_info=\u00bb{}\u00bb]<\/p>\n<h5><\/h5>\n<h1>Mijail Alp\u00cdzar<\/h1>\n<h5>WEDDING PLANNER<\/h5>\n<p>[\/et_pb_text][\/et_pb_column][\/et_pb_row][\/et_pb_section][et_pb_section fb_built=\u00bb1&#8243; admin_label=\u00bbAbout\u00bb _builder_version=\u00bb4.16&#8243; background_image=\u00bbhttp:\/\/mijailalpizarweddings.com\/wp-content\/uploads\/2020\/07\/divider.png\u00bb background_size=\u00bbinitial\u00bb background_position=\u00bbtop_left\u00bb background_repeat=\u00bbrepeat\u00bb custom_padding=\u00bb0|0px|54px|0px|false|false\u00bb global_colors_info=\u00bb{}\u00bb][et_pb_row column_structure=\u00bb1_2,1_2&#8243; use_custom_gutter=\u00bbon\u00bb make_equal=\u00bbon\u00bb _builder_version=\u00bb4.16&#8243; width=\u00bb100%\u00bb max_width=\u00bb100%\u00bb custom_padding=\u00bb0|0px||0px|false|false\u00bb use_custom_width=\u00bbon\u00bb width_unit=\u00bboff\u00bb custom_width_percent=\u00bb100%\u00bb global_colors_info=\u00bb{}\u00bb][et_pb_column type=\u00bb1_2&#8243; _builder_version=\u00bb4.16&#8243; custom_padding=\u00bb60px|||12%\u00bb custom_padding_tablet=\u00bb|10%||10%||true\u00bb custom_padding_phone=\u00bb|||\u00bb custom_padding_last_edited=\u00bbon|desktop\u00bb global_colors_info=\u00bb{}\u00bb padding_phone=\u00bb|||\u00bb padding_tablet=\u00bb|10%||10%||true\u00bb padding_last_edited=\u00bbon|desktop\u00bb custom_padding__hover=\u00bb|||\u00bb][et_pb_text _builder_version=\u00bb4.16&#8243; text_font=\u00bb||||||||\u00bb text_font_size=\u00bb16px\u00bb text_line_height=\u00bb2em\u00bb header_font=\u00bb||||||||\u00bb header_2_font=\u00bbOswald|||on|||||\u00bb header_2_line_height=\u00bb1.5em\u00bb header_4_font=\u00bbOswald|||on|||||\u00bb header_4_font_size=\u00bb30px\u00bb header_4_line_height=\u00bb1.5em\u00bb max_width=\u00bb600px\u00bb module_alignment=\u00bbright\u00bb custom_margin=\u00bb|||\u00bb global_colors_info=\u00bb{}\u00bb]<\/p>\n<h2>WEDDINGS AND EVENTS IN THE HANDS OF THE EXPERT, MIJAIL ALPIZAR<\/h2>\n<p style=\"text-align: justify;\">Under the leadership of Mr. Mijail Alp\u00edzar Porras MBA, expert in Marketing, Hotel Management and Tourism, Mijailalpizar weddings was born in 1998, a company dedicated to Weddings, Corporate Events, Graduations and First Level.<br \/>\nHis interaction with celebrities and foreigners during more than 29 years in the hotel industry and countless international trips, allowed him to acquire the discipline, order, etiquette, protocol and international quality that should be stamped in a society as changing and modern as Costa Rica.<\/p>\n<p>[\/et_pb_text][\/et_pb_column][et_pb_column type=\u00bb1_2&#8243; _builder_version=\u00bb4.16&#8243; custom_padding=\u00bb|||\u00bb global_colors_info=\u00bb{}\u00bb custom_padding__hover=\u00bb|||\u00bb][et_pb_image src=\u00bbhttp:\/\/mijailalpizarweddings.com\/wp-content\/uploads\/2020\/07\/MIJAIL.jpg\u00bb title_text=\u00bbMIJAIL\u00bb align_tablet=\u00bbcenter\u00bb align_phone=\u00bb\u00bb align_last_edited=\u00bbon|desktop\u00bb _builder_version=\u00bb4.16&#8243; custom_margin=\u00bb-10vw|||\u00bb custom_margin_tablet=\u00bb0px|||\u00bb custom_margin_phone=\u00bb\u00bb custom_margin_last_edited=\u00bbon|phone\u00bb filter_brightness=\u00bb94%\u00bb filter_contrast=\u00bb110%\u00bb animation_style=\u00bbfade\u00bb border_width_all=\u00bb30px\u00bb border_color_all=\u00bb#ffffff\u00bb global_colors_info=\u00bb{}\u00bb][\/et_pb_image][\/et_pb_column][\/et_pb_row][et_pb_row column_structure=\u00bb1_2,1_2&#8243; use_custom_gutter=\u00bbon\u00bb gutter_width=\u00bb4&#8243; _builder_version=\u00bb4.16&#8243; width=\u00bb100%\u00bb max_width=\u00bb70%\u00bb custom_padding=\u00bb|||\u00bb global_colors_info=\u00bb{}\u00bb][et_pb_column type=\u00bb1_2&#8243; _builder_version=\u00bb4.16&#8243; custom_padding=\u00bb|||\u00bb custom_padding_tablet=\u00bb|10%||10%||true\u00bb custom_padding_phone=\u00bb|||\u00bb custom_padding_last_edited=\u00bboff|desktop\u00bb global_colors_info=\u00bb{}\u00bb padding_phone=\u00bb|||\u00bb padding_tablet=\u00bb|10%||10%||true\u00bb padding_last_edited=\u00bboff|desktop\u00bb custom_padding__hover=\u00bb|||\u00bb][et_pb_text _builder_version=\u00bb4.16&#8243; text_font=\u00bb||||||||\u00bb text_font_size=\u00bb16px\u00bb text_line_height=\u00bb2em\u00bb header_font=\u00bb||||||||\u00bb header_2_font=\u00bbOswald|||on|||||\u00bb header_2_line_height=\u00bb1.5em\u00bb header_4_font=\u00bb||||||||\u00bb custom_margin=\u00bb|||\u00bb global_colors_info=\u00bb{}\u00bb]<\/p>\n<p style=\"text-align: justify;\">A connoisseur of all Costa Rica, he offers the best places in the mountains, city or beach for his clients, adapting to their needs and those of their guests.<br \/> <em><strong>\"We have worked hard to break the paradigms of the traditional molds of parties and events, bringing international trends in customer service and bringing a proper protocol according to what the client wants for his event\".<\/strong><\/em>Mijail Alp\u00edzar<\/p>\n<p>[\/et_pb_text][et_pb_social_media_follow _builder_version=\u00bb4.16&#8243; _module_preset=\u00bbdefault\u00bb text_orientation=\u00bbcenter\u00bb global_colors_info=\u00bb{}\u00bb][et_pb_social_media_follow_network social_network=\u00bbfacebook\u00bb url=\u00bbhttps:\/\/www.facebook.com\/mijailalpizar\/\u00bb _builder_version=\u00bb4.16&#8243; _module_preset=\u00bbdefault\u00bb background_color=\u00bb#3b5998&#8243; global_colors_info=\u00bb{}\u00bb follow_button=\u00bboff\u00bb url_new_window=\u00bbon\u00bb]facebook[\/et_pb_social_media_follow_network][et_pb_social_media_follow_network social_network=\u00bbinstagram\u00bb url=\u00bbhttps:\/\/www.instagram.com\/mijail_alpizar\/\u00bb _builder_version=\u00bb4.16&#8243; _module_preset=\u00bbdefault\u00bb background_color=\u00bb#ea2c59&#8243; global_colors_info=\u00bb{}\u00bb follow_button=\u00bboff\u00bb url_new_window=\u00bbon\u00bb]instagram[\/et_pb_social_media_follow_network][et_pb_social_media_follow_network social_network=\u00bbyoutube\u00bb url=\u00bbhttps:\/\/www.youtube.com\/channel\/UCBB23EyrLk-0h2NrUsphKyA\u00bb _builder_version=\u00bb4.16&#8243; _module_preset=\u00bbdefault\u00bb background_color=\u00bb#e02b20&#8243; background_enable_color=\u00bbon\u00bb global_colors_info=\u00bb{}\u00bb follow_button=\u00bboff\u00bb url_new_window=\u00bbon\u00bb]youtube[\/et_pb_social_media_follow_network][\/et_pb_social_media_follow][\/et_pb_column][et_pb_column type=\u00bb1_2&#8243; _builder_version=\u00bb4.16&#8243; custom_padding=\u00bb|||\u00bb custom_padding_tablet=\u00bb|10%||10%\u00bb custom_padding_last_edited=\u00bboff|desktop\u00bb global_colors_info=\u00bb{}\u00bb padding_tablet=\u00bb|10%||10%\u00bb padding_last_edited=\u00bboff|desktop\u00bb custom_padding__hover=\u00bb|||\u00bb][et_pb_text _builder_version=\u00bb4.16&#8243; text_font=\u00bb||||||||\u00bb text_font_size=\u00bb16px\u00bb text_line_height=\u00bb2em\u00bb header_font=\u00bb||||||||\u00bb header_2_font=\u00bbOswald|||on|||||\u00bb header_2_line_height=\u00bb1.5em\u00bb header_4_font=\u00bb||||||||\u00bb custom_margin=\u00bb|||\u00bb global_colors_info=\u00bb{}\u00bb]<\/p>\n<p style=\"text-align: justify;\">His experience goes beyond 900 successful events in 24 years, training companies in Customer Service and advising young people who want to get started in this fascinating business of Event Management. His experience enables him to make the difficult easier for his \"client friends\", as he calls them. <em><strong>\"Personalizing the work is not about handling hundreds of events a year, but remembering that you were hired to get to know your client, enjoy and live the experience with them, translating their needs and desires into realities with a specific budget\". <\/strong><\/em>Mijail Alp\u00edzar<strong><\/strong><em><strong><br \/><\/strong><\/em><\/p>\n<p>[\/et_pb_text][\/et_pb_column][\/et_pb_row][\/et_pb_section][et_pb_section fb_built=\u00bb1&#8243; _builder_version=\u00bb4.16&#8243; background_color=\u00bb#f9f6f5&#8243; background_image=\u00bbhttp:\/\/mijailalpizarweddings.com\/wp-content\/uploads\/2020\/07\/wedding-planner-20.jpg\u00bb overflow-x=\u00bbhidden\u00bb overflow-y=\u00bbhidden\u00bb custom_padding=\u00bb122px||||false|false\u00bb global_colors_info=\u00bb{}\u00bb][et_pb_row column_structure=\u00bb2_3,1_3&#8243; use_custom_gutter=\u00bbon\u00bb _builder_version=\u00bb4.16&#8243; background_image=\u00bbhttp:\/\/mijailalpizarweddings.com\/wp-content\/uploads\/2020\/07\/Group-4.png\u00bb background_size=\u00bbinitial\u00bb background_position=\u00bbtop_left\u00bb max_width=\u00bb900px\u00bb global_colors_info=\u00bb{}\u00bb][et_pb_column type=\u00bb2_3&#8243; _builder_version=\u00bb4.16&#8243; z_index=\u00bb10&#8243; global_colors_info=\u00bb{}\u00bb][et_pb_text _builder_version=\u00bb4.16&#8243; header_font=\u00bbBellefair||||||||\u00bb header_font_size=\u00bb90px\u00bb header_text_align_tablet=\u00bbcenter\u00bb header_text_align_phone=\u00bbcenter\u00bb header_text_align_last_edited=\u00bbon|desktop\u00bb header_font_size_tablet=\u00bb80px\u00bb header_font_size_phone=\u00bb60px\u00bb header_font_size_last_edited=\u00bbon|desktop\u00bb global_colors_info=\u00bb{}\u00bb]<\/p>\n<h1>Image Gallery<\/h1>\n<h1><\/h1>\n<p>[\/et_pb_text][et_pb_button button_url=\u00bbhttp:\/\/mijailalpizarweddings.com\/galeria\u00bb button_text=\u00bbIr a Galer\u00eda\u00bb _builder_version=\u00bb4.16&#8243; custom_button=\u00bbon\u00bb button_text_size=\u00bb14px\u00bb button_text_color=\u00bb#ffffff\u00bb button_bg_color=\u00bb#121212&#8243; button_border_width=\u00bb0px\u00bb button_letter_spacing=\u00bb3px\u00bb button_font=\u00bbMontserrat|||on|||||\u00bb custom_margin=\u00bb7vw||||false|false\u00bb custom_margin_tablet=\u00bb||||false|false\u00bb custom_margin_phone=\u00bb\u00bb custom_margin_last_edited=\u00bbon|tablet\u00bb global_colors_info=\u00bb{}\u00bb][\/et_pb_button][\/et_pb_column][et_pb_column type=\u00bb1_3&#8243; _builder_version=\u00bb4.16&#8243; transform_rotate=\u00bb0deg|0deg|40deg\u00bb global_colors_info=\u00bb{}\u00bb][et_pb_image src=\u00bbhttp:\/\/mijailalpizarweddings.com\/wp-content\/uploads\/2020\/07\/al1.jpg\u00bb title_text=\u00bbal1&#8243; admin_label=\u00bbleft\u00bb _builder_version=\u00bb4.16&#8243; transform_origin=\u00bb50%|100%\u00bb positioning=\u00bbabsolute\u00bb max_width_tablet=\u00bb200px\u00bb max_width_phone=\u00bb\u00bb max_width_last_edited=\u00bbon|tablet\u00bb custom_margin=\u00bb||0px||false|false\u00bb custom_margin_tablet=\u00bb|||0px|false|false\u00bb custom_margin_phone=\u00bb\u00bb custom_margin_last_edited=\u00bbon|tablet\u00bb filter_saturate=\u00bb20%\u00bb scroll_horizontal_motion_enable=\u00bbon\u00bb scroll_horizontal_motion=\u00bb20|50|50|100|0|-1|-1&#8243; scroll_rotating_enable=\u00bbon\u00bb scroll_rotating=\u00bb20|50|50|100|0\u00b0|-40\u00b0|-40\u00b0\u00bb global_colors_info=\u00bb{}\u00bb][\/et_pb_image][et_pb_image src=\u00bbhttp:\/\/mijailalpizarweddings.com\/wp-content\/uploads\/2020\/07\/al3.jpg\u00bb admin_label=\u00bbmid left\u00bb _builder_version=\u00bb4.16&#8243; transform_origin=\u00bb50%|100%\u00bb positioning=\u00bbabsolute\u00bb max_width_tablet=\u00bb200px\u00bb max_width_phone=\u00bb\u00bb max_width_last_edited=\u00bbon|tablet\u00bb custom_margin=\u00bb||0px||false|false\u00bb custom_margin_tablet=\u00bb|||0px|false|false\u00bb custom_margin_phone=\u00bb\u00bb custom_margin_last_edited=\u00bbon|tablet\u00bb filter_saturate=\u00bb20%\u00bb scroll_horizontal_motion_enable=\u00bbon\u00bb scroll_horizontal_motion=\u00bb20|50|50|100|0|-0.5|-0.5&#8243; scroll_rotating_enable=\u00bbon\u00bb scroll_rotating=\u00bb20|50|50|100|0\u00b0|-20\u00b0|-20\u00b0\u00bb global_colors_info=\u00bb{}\u00bb][\/et_pb_image][et_pb_image src=\u00bbhttp:\/\/mijailalpizarweddings.com\/wp-content\/uploads\/2020\/07\/al2.jpg\u00bb title_text=\u00bbal2&#8243; admin_label=\u00bbmiddle\u00bb _builder_version=\u00bb4.16&#8243; max_width_tablet=\u00bb200px\u00bb max_width_phone=\u00bb\u00bb max_width_last_edited=\u00bbon|tablet\u00bb custom_margin=\u00bb||0px||false|false\u00bb custom_margin_tablet=\u00bb|||0px|false|false\u00bb custom_margin_phone=\u00bb\u00bb custom_margin_last_edited=\u00bbon|tablet\u00bb filter_saturate=\u00bb20%\u00bb global_colors_info=\u00bb{}\u00bb][\/et_pb_image][et_pb_image src=\u00bbhttp:\/\/mijailalpizarweddings.com\/wp-content\/uploads\/2020\/07\/al5.jpg\u00bb admin_label=\u00bbmid right\u00bb _builder_version=\u00bb4.16&#8243; transform_origin=\u00bb50%|100%\u00bb positioning=\u00bbabsolute\u00bb max_width_tablet=\u00bb200px\u00bb max_width_phone=\u00bb\u00bb max_width_last_edited=\u00bbon|tablet\u00bb custom_margin=\u00bb||0px||false|false\u00bb custom_margin_tablet=\u00bb|||0px|false|false\u00bb custom_margin_phone=\u00bb\u00bb custom_margin_last_edited=\u00bbon|tablet\u00bb filter_saturate=\u00bb20%\u00bb scroll_horizontal_motion_enable=\u00bbon\u00bb scroll_horizontal_motion=\u00bb20|50|50|100|0|0.5|0.5&#8243; scroll_rotating_enable=\u00bbon\u00bb scroll_rotating=\u00bb20|50|50|100|0\u00b0|20\u00b0|20\u00b0\u00bb global_colors_info=\u00bb{}\u00bb][\/et_pb_image][et_pb_image src=\u00bbhttp:\/\/mijailalpizarweddings.com\/wp-content\/uploads\/2020\/07\/al4.jpg\u00bb title_text=\u00bbal4&#8243; admin_label=\u00bbright\u00bb _builder_version=\u00bb4.16&#8243; transform_origin=\u00bb50%|100%\u00bb positioning=\u00bbabsolute\u00bb max_width_tablet=\u00bb200px\u00bb max_width_phone=\u00bb\u00bb max_width_last_edited=\u00bbon|tablet\u00bb custom_margin=\u00bb||0px||false|false\u00bb custom_margin_tablet=\u00bb|||0px|false|false\u00bb custom_margin_phone=\u00bb\u00bb custom_margin_last_edited=\u00bbon|tablet\u00bb filter_saturate=\u00bb20%\u00bb scroll_horizontal_motion_enable=\u00bbon\u00bb scroll_horizontal_motion=\u00bb20|50|50|100|0|1|1&#8243; scroll_rotating_enable=\u00bbon\u00bb scroll_rotating=\u00bb20|50|50|100|0\u00b0|40\u00b0|40\u00b0\u00bb global_colors_info=\u00bb{}\u00bb][\/et_pb_image][\/et_pb_column][\/et_pb_row][\/et_pb_section]<\/p>","protected":false},"excerpt":{"rendered":"<p> Mijail Alp\u00cdzar WEDDING PLANNERBodas y Eventos en manos del Experto Mijail Alp\u00edzar Bajo el mando de Lic. Mijail Alp\u00edzar Porras MBA, experto en Mercadeo, Hoteler\u00eda y Turismo, nace en el a\u00f1o 1998 Bodas Compromisos &amp; Dise\u00f1os by Mijail Alp\u00edzar, empresa dedicada a las Bodas, Eventos Corporativos, Graduaciones y Quince A\u00f1os de Primer Nivel. [&hellip;]<\/p>","protected":false},"author":1,"featured_media":235866,"parent":0,"menu_order":0,"comment_status":"closed","ping_status":"closed","template":"","meta":{"_et_pb_use_builder":"on","_et_pb_old_content":"","_et_gb_content_width":"","footnotes":""},"class_list":["post-12","page","type-page","status-publish","has-post-thumbnail","hentry"],"yoast_head":"<!-- This site is optimized with the Yoast SEO plugin v27.1.1 - https:\/\/yoast.com\/product\/yoast-seo-wordpress\/ -->\n<title>INICIO - Mijail Alpizar Weddings<\/title>\n<meta name=\"robots\" content=\"index, follow, max-snippet:-1, max-image-preview:large, max-video-preview:-1\" \/>\n<link rel=\"canonical\" href=\"https:\/\/mijailalpizarweddings.com\/en\/\" \/>\n<meta property=\"og:locale\" content=\"en_US\" \/>\n<meta property=\"og:type\" content=\"article\" \/>\n<meta property=\"og:title\" content=\"INICIO - Mijail Alpizar Weddings\" \/>\n<meta property=\"og:description\" content=\"Mijail Alp\u00cdzar WEDDING PLANNERBodas y Eventos en manos del Experto Mijail Alp\u00edzar Bajo el mando de Lic. Mijail Alp\u00edzar Porras MBA, experto en Mercadeo, Hoteler\u00eda y Turismo, nace en el a\u00f1o 1998 Bodas Compromisos &amp; Dise\u00f1os by Mijail Alp\u00edzar, empresa dedicada a las Bodas, Eventos Corporativos, Graduaciones y Quince A\u00f1os de Primer Nivel. [&hellip;]\" \/>\n<meta property=\"og:url\" content=\"https:\/\/mijailalpizarweddings.com\/en\/\" \/>\n<meta property=\"og:site_name\" content=\"Mijail Alpizar Weddings\" \/>\n<meta property=\"article:modified_time\" content=\"2022-05-27T01:44:58+00:00\" \/>\n<meta property=\"og:image\" content=\"https:\/\/mijailalpizarweddings.com\/wp-content\/uploads\/2022\/05\/imagen-destacada.webp\" \/>\n\t<meta property=\"og:image:width\" content=\"715\" \/>\n\t<meta property=\"og:image:height\" content=\"714\" \/>\n\t<meta property=\"og:image:type\" content=\"image\/webp\" \/>\n<meta name=\"twitter:card\" content=\"summary_large_image\" \/>\n<meta name=\"twitter:label1\" content=\"Est. reading time\" \/>\n\t<meta name=\"twitter:data1\" content=\"3 minutes\" \/>\n<script type=\"application\/ld+json\" class=\"yoast-schema-graph\">{\"@context\":\"https:\/\/schema.org\",\"@graph\":[{\"@type\":\"WebPage\",\"@id\":\"https:\/\/mijailalpizarweddings.com\/en\/\",\"url\":\"https:\/\/mijailalpizarweddings.com\/en\/\",\"name\":\"INICIO - Mijail Alpizar Weddings\",\"isPartOf\":{\"@id\":\"https:\/\/mijailalpizarweddings.com\/es\/#website\"},\"primaryImageOfPage\":{\"@id\":\"https:\/\/mijailalpizarweddings.com\/en\/#primaryimage\"},\"image\":{\"@id\":\"https:\/\/mijailalpizarweddings.com\/en\/#primaryimage\"},\"thumbnailUrl\":\"https:\/\/mijailalpizarweddings.com\/wp-content\/uploads\/2022\/05\/imagen-destacada.webp\",\"datePublished\":\"2020-07-11T23:30:08+00:00\",\"dateModified\":\"2022-05-27T01:44:58+00:00\",\"breadcrumb\":{\"@id\":\"https:\/\/mijailalpizarweddings.com\/en\/#breadcrumb\"},\"inLanguage\":\"en-US\",\"potentialAction\":[{\"@type\":\"ReadAction\",\"target\":[\"https:\/\/mijailalpizarweddings.com\/en\/\"]}]},{\"@type\":\"ImageObject\",\"inLanguage\":\"en-US\",\"@id\":\"https:\/\/mijailalpizarweddings.com\/en\/#primaryimage\",\"url\":\"https:\/\/mijailalpizarweddings.com\/wp-content\/uploads\/2022\/05\/imagen-destacada.webp\",\"contentUrl\":\"https:\/\/mijailalpizarweddings.com\/wp-content\/uploads\/2022\/05\/imagen-destacada.webp\",\"width\":715,\"height\":714},{\"@type\":\"BreadcrumbList\",\"@id\":\"https:\/\/mijailalpizarweddings.com\/en\/#breadcrumb\",\"itemListElement\":[{\"@type\":\"ListItem\",\"position\":1,\"name\":\"Portada\",\"item\":\"https:\/\/mijailalpizarweddings.com\/en\/\"},{\"@type\":\"ListItem\",\"position\":2,\"name\":\"INICIO\"}]},{\"@type\":\"WebSite\",\"@id\":\"https:\/\/mijailalpizarweddings.com\/es\/#website\",\"url\":\"https:\/\/mijailalpizarweddings.com\/es\/\",\"name\":\"Mijail Alpizar Weddings\",\"description\":\"Weddings - Bodas - Eventos - Costa Rica\",\"potentialAction\":[{\"@type\":\"SearchAction\",\"target\":{\"@type\":\"EntryPoint\",\"urlTemplate\":\"https:\/\/mijailalpizarweddings.com\/es\/?s={search_term_string}\"},\"query-input\":{\"@type\":\"PropertyValueSpecification\",\"valueRequired\":true,\"valueName\":\"search_term_string\"}}],\"inLanguage\":\"en-US\"}]}<\/script>\n<!-- \/ Yoast SEO plugin. -->","yoast_head_json":{"title":"INICIO - Mijail Alpizar Weddings","robots":{"index":"index","follow":"follow","max-snippet":"max-snippet:-1","max-image-preview":"max-image-preview:large","max-video-preview":"max-video-preview:-1"},"canonical":"https:\/\/mijailalpizarweddings.com\/en\/","og_locale":"en_US","og_type":"article","og_title":"INICIO - Mijail Alpizar Weddings","og_description":"Mijail Alp\u00cdzar WEDDING PLANNERBodas y Eventos en manos del Experto Mijail Alp\u00edzar Bajo el mando de Lic. Mijail Alp\u00edzar Porras MBA, experto en Mercadeo, Hoteler\u00eda y Turismo, nace en el a\u00f1o 1998 Bodas Compromisos &amp; Dise\u00f1os by Mijail Alp\u00edzar, empresa dedicada a las Bodas, Eventos Corporativos, Graduaciones y Quince A\u00f1os de Primer Nivel. [&hellip;]","og_url":"https:\/\/mijailalpizarweddings.com\/en\/","og_site_name":"Mijail Alpizar Weddings","article_modified_time":"2022-05-27T01:44:58+00:00","og_image":[{"width":715,"height":714,"url":"https:\/\/mijailalpizarweddings.com\/wp-content\/uploads\/2022\/05\/imagen-destacada.webp","type":"image\/webp"}],"twitter_card":"summary_large_image","twitter_misc":{"Est. reading time":"3 minutes"},"schema":{"@context":"https:\/\/schema.org","@graph":[{"@type":"WebPage","@id":"https:\/\/mijailalpizarweddings.com\/en\/","url":"https:\/\/mijailalpizarweddings.com\/en\/","name":"INICIO - Mijail Alpizar Weddings","isPartOf":{"@id":"https:\/\/mijailalpizarweddings.com\/es\/#website"},"primaryImageOfPage":{"@id":"https:\/\/mijailalpizarweddings.com\/en\/#primaryimage"},"image":{"@id":"https:\/\/mijailalpizarweddings.com\/en\/#primaryimage"},"thumbnailUrl":"https:\/\/mijailalpizarweddings.com\/wp-content\/uploads\/2022\/05\/imagen-destacada.webp","datePublished":"2020-07-11T23:30:08+00:00","dateModified":"2022-05-27T01:44:58+00:00","breadcrumb":{"@id":"https:\/\/mijailalpizarweddings.com\/en\/#breadcrumb"},"inLanguage":"en-US","potentialAction":[{"@type":"ReadAction","target":["https:\/\/mijailalpizarweddings.com\/en\/"]}]},{"@type":"ImageObject","inLanguage":"en-US","@id":"https:\/\/mijailalpizarweddings.com\/en\/#primaryimage","url":"https:\/\/mijailalpizarweddings.com\/wp-content\/uploads\/2022\/05\/imagen-destacada.webp","contentUrl":"https:\/\/mijailalpizarweddings.com\/wp-content\/uploads\/2022\/05\/imagen-destacada.webp","width":715,"height":714},{"@type":"BreadcrumbList","@id":"https:\/\/mijailalpizarweddings.com\/en\/#breadcrumb","itemListElement":[{"@type":"ListItem","position":1,"name":"Portada","item":"https:\/\/mijailalpizarweddings.com\/en\/"},{"@type":"ListItem","position":2,"name":"INICIO"}]},{"@type":"WebSite","@id":"https:\/\/mijailalpizarweddings.com\/es\/#website","url":"https:\/\/mijailalpizarweddings.com\/es\/","name":"Mijail Alpizar Weddings","description":"Weddings - Bodas - Eventos - Costa Rica","potentialAction":[{"@type":"SearchAction","target":{"@type":"EntryPoint","urlTemplate":"https:\/\/mijailalpizarweddings.com\/es\/?s={search_term_string}"},"query-input":{"@type":"PropertyValueSpecification","valueRequired":true,"valueName":"search_term_string"}}],"inLanguage":"en-US"}]}},"_links":{"self":[{"href":"https:\/\/mijailalpizarweddings.com\/en\/wp-json\/wp\/v2\/pages\/12","targetHints":{"allow":["GET"]}}],"collection":[{"href":"https:\/\/mijailalpizarweddings.com\/en\/wp-json\/wp\/v2\/pages"}],"about":[{"href":"https:\/\/mijailalpizarweddings.com\/en\/wp-json\/wp\/v2\/types\/page"}],"author":[{"embeddable":true,"href":"https:\/\/mijailalpizarweddings.com\/en\/wp-json\/wp\/v2\/users\/1"}],"replies":[{"embeddable":true,"href":"https:\/\/mijailalpizarweddings.com\/en\/wp-json\/wp\/v2\/comments?post=12"}],"version-history":[{"count":83,"href":"https:\/\/mijailalpizarweddings.com\/en\/wp-json\/wp\/v2\/pages\/12\/revisions"}],"predecessor-version":[{"id":235875,"href":"https:\/\/mijailalpizarweddings.com\/en\/wp-json\/wp\/v2\/pages\/12\/revisions\/235875"}],"wp:featuredmedia":[{"embeddable":true,"href":"https:\/\/mijailalpizarweddings.com\/en\/wp-json\/wp\/v2\/media\/235866"}],"wp:attachment":[{"href":"https:\/\/mijailalpizarweddings.com\/en\/wp-json\/wp\/v2\/media?parent=12"}],"curies":[{"name":"wp","href":"https:\/\/api.w.org\/{rel}","templated":true}]}}