{"id":235583,"date":"2020-07-16T20:57:15","date_gmt":"2020-07-16T20:57:15","guid":{"rendered":"http:\/\/mijailalpizarweddings.com\/?page_id=235583"},"modified":"2021-06-28T21:39:53","modified_gmt":"2021-06-28T21:39:53","slug":"capacitacion","status":"publish","type":"page","link":"https:\/\/mijailalpizarweddings.com\/es\/capacitacion\/","title":{"rendered":"CAPACITACION"},"content":{"rendered":"<p>[et_pb_section fb_built=\u00bb1&#8243; custom_padding_last_edited=\u00bbon|tablet\u00bb admin_label=\u00bbHero\u00bb _builder_version=\u00bb3.22&#8243; use_background_color_gradient=\u00bbon\u00bb background_color_gradient_start=\u00bb#F0EDEE\u00bb background_color_gradient_end=\u00bb#F9F6F5&#8243; background_color_gradient_direction=\u00bb90deg\u00bb background_color_gradient_start_position=\u00bb65%\u00bb background_color_gradient_end_position=\u00bb0%\u00bb background_size=\u00bbinitial\u00bb background_position=\u00bbtop_left\u00bb background_repeat=\u00bbrepeat\u00bb custom_margin=\u00bb|||\u00bb custom_padding=\u00bb6vw|0px|0px|0px|false|false\u00bb custom_padding_tablet=\u00bb0vw|||\u00bb custom_padding_phone=\u00bb\u00bb][et_pb_row column_structure=\u00bb1_2,1_2&#8243; make_equal=\u00bbon\u00bb disabled_on=\u00bboff|off|off\u00bb _builder_version=\u00bb4.5.1&#8243; width=\u00bb100%\u00bb max_width=\u00bb100%\u00bb custom_padding=\u00bb0px|0px|0px|0px|true|true\u00bb use_custom_width=\u00bbon\u00bb width_unit=\u00bboff\u00bb custom_width_percent=\u00bb100%\u00bb][et_pb_column type=\u00bb1_2&#8243; _builder_version=\u00bb4.5.1&#8243; use_background_color_gradient=\u00bbon\u00bb background_color_gradient_start=\u00bbrgba(222,213,216,0.1)\u00bb background_color_gradient_end=\u00bbrgba(222,213,216,0.7)\u00bb background_color_gradient_direction=\u00bb30deg\u00bb background_color_gradient_overlays_image=\u00bbon\u00bb background_image=\u00bbhttp:\/\/mijailalpizarweddings.com\/wp-content\/uploads\/2020\/07\/img-008.png\u00bb custom_padding=\u00bb|||\u00bb custom_padding__hover=\u00bb|||\u00bb][et_pb_divider show_divider=\u00bboff\u00bb _builder_version=\u00bb3.7&#8243; height=\u00bb20vw\u00bb][\/et_pb_divider][\/et_pb_column][et_pb_column type=\u00bb1_2&#8243; _builder_version=\u00bb3.25&#8243; custom_padding=\u00bb10vw||10vw|\u00bb custom_padding_tablet=\u00bb|10%||10%||true\u00bb custom_padding_phone=\u00bb\u00bb custom_padding_last_edited=\u00bbon|tablet\u00bb padding_tablet=\u00bb|10%||10%||true\u00bb padding_last_edited=\u00bbon|tablet\u00bb custom_padding__hover=\u00bb|||\u00bb][et_pb_text _builder_version=\u00bb4.5.1&#8243; text_font=\u00bb||||||||\u00bb text_font_size=\u00bb16px\u00bb text_line_height=\u00bb2em\u00bb header_font=\u00bbOswald|500||on|||||\u00bb header_font_size=\u00bb6vw\u00bb header_letter_spacing=\u00bb0.05em\u00bb header_line_height=\u00bb1.2em\u00bb header_5_font=\u00bbRoboto|700||on|||||\u00bb header_5_text_color=\u00bb#898ea2&#8243; header_5_font_size=\u00bb26px\u00bb header_5_letter_spacing=\u00bb10px\u00bb header_5_line_height=\u00bb1.4em\u00bb header_6_font=\u00bbRoboto|700||on|||||\u00bb header_6_text_color=\u00bb#d39b86&#8243; header_6_font_size=\u00bb16px\u00bb header_6_letter_spacing=\u00bb5px\u00bb header_6_line_height=\u00bb1.5em\u00bb text_orientation=\u00bbright\u00bb custom_margin=\u00bb|10vw||-20vw\u00bb custom_margin_tablet=\u00bb|0%||0%||true\u00bb custom_margin_phone=\u00bb|||\u00bb custom_margin_last_edited=\u00bbon|phone\u00bb custom_padding=\u00bb|||\u00bb custom_padding_last_edited=\u00bboff|desktop\u00bb animation_style=\u00bbslide\u00bb animation_direction=\u00bbleft\u00bb animation_intensity_slide=\u00bb2%\u00bb header_font_size_tablet=\u00bb70px\u00bb header_font_size_phone=\u00bb40px\u00bb header_font_size_last_edited=\u00bbon|phone\u00bb header_line_height_tablet=\u00bb\u00bb header_line_height_phone=\u00bb1.5em\u00bb header_line_height_last_edited=\u00bbon|phone\u00bb header_5_font_size_tablet=\u00bb\u00bb header_5_font_size_phone=\u00bb18px\u00bb header_5_font_size_last_edited=\u00bbon|phone\u00bb text_orientation_tablet=\u00bbcenter\u00bb text_orientation_phone=\u00bbcenter\u00bb text_orientation_last_edited=\u00bbon|desktop\u00bb locked=\u00bboff\u00bb]<\/p>\n<h5>Capacitaci\u00d3n y seminarios<\/h5>\n<h1>Educaci\u00f3n<\/h1>\n<p>[\/et_pb_text][\/et_pb_column][\/et_pb_row][\/et_pb_section][et_pb_section fb_built=\u00bb1&#8243; admin_label=\u00bbServices\u00bb _builder_version=\u00bb3.22&#8243; background_size=\u00bbinitial\u00bb background_position=\u00bbtop_left\u00bb background_repeat=\u00bbrepeat\u00bb custom_padding=\u00bb|||\u00bb][et_pb_row column_structure=\u00bb1_2,1_2&#8243; use_custom_gutter=\u00bbon\u00bb _builder_version=\u00bb4.5.1&#8243; width=\u00bb100%\u00bb max_width=\u00bb70%\u00bb custom_padding=\u00bb|||\u00bb][et_pb_column type=\u00bb1_2&#8243; _builder_version=\u00bb3.25&#8243; background_color=\u00bb#f9f6f5&#8243; custom_padding=\u00bb|8%|40px|\u00bb custom_padding__hover=\u00bb|||\u00bb][et_pb_image src=\u00bbhttp:\/\/mijailalpizarweddings.com\/wp-content\/uploads\/2020\/07\/capa.jpg\u00bb title_text=\u00bbcapa\u00bb align_tablet=\u00bbcenter\u00bb align_phone=\u00bb\u00bb align_last_edited=\u00bbon|desktop\u00bb _builder_version=\u00bb4.5.1&#8243; custom_margin=\u00bb|-102px||||\u00bb animation_style=\u00bbfade\u00bb locked=\u00bboff\u00bb][\/et_pb_image][\/et_pb_column][et_pb_column type=\u00bb1_2&#8243; _builder_version=\u00bb3.25&#8243; custom_padding=\u00bb|||\u00bb custom_padding__hover=\u00bb|||\u00bb][et_pb_text _builder_version=\u00bb4.5.1&#8243; text_font=\u00bb||||||||\u00bb text_font_size=\u00bb16px\u00bb text_line_height=\u00bb2em\u00bb header_font=\u00bb||||||||\u00bb header_2_font=\u00bbOswald|||on|||||\u00bb header_2_line_height=\u00bb1.5em\u00bb header_4_font=\u00bb||||||||\u00bb custom_margin=\u00bb|||\u00bb]<\/p>\n<h2><\/h2>\n<p style=\"text-align: justify;\">Con experiencia en m\u00e1s de 700 eventos exitosos en 16 a\u00f1os, Mijail Alp\u00cdzar realiza capacitaciones a empresas en servicio al cliente y asesoramiento a j\u00f3venes que desean iniciar en este fascinante negocio de la Organizaci\u00f3n de Eventos.\u00a0 Acorde a los tiempos actuales, tambi\u00e9n realiza capacitaciones a trav\u00e9s de Webinars.<\/p>\n<p>[\/et_pb_text][\/et_pb_column][\/et_pb_row][\/et_pb_section][et_pb_section fb_built=\u00bb1&#8243; custom_padding_last_edited=\u00bboff|desktop\u00bb admin_label=\u00bbFooter\u00bb _builder_version=\u00bb3.22&#8243; use_background_color_gradient=\u00bbon\u00bb background_color_gradient_start=\u00bb#F0EDEE\u00bb background_color_gradient_end=\u00bb#F9F6F5&#8243; background_color_gradient_direction=\u00bb90deg\u00bb background_color_gradient_start_position=\u00bb65%\u00bb background_color_gradient_end_position=\u00bb0%\u00bb custom_padding=\u00bb100px|0px|0|0px|false|false\u00bb custom_padding_tablet=\u00bb0px|||\u00bb custom_padding_phone=\u00bb0px|||\u00bb][et_pb_row custom_padding_last_edited=\u00bbon|phone\u00bb module_class=\u00bb et_pb_row_fullwidth\u00bb _builder_version=\u00bb3.25&#8243; background_color_gradient_direction=\u00bb90deg\u00bb background_image=\u00bbhttp:\/\/mijailalpizarweddings.com\/wp-content\/uploads\/2020\/07\/wedding-planner-29.jpg\u00bb background_position=\u00bbbottom_center\u00bb width=\u00bb89%\u00bb width_tablet=\u00bb80%\u00bb width_phone=\u00bb\u00bb width_last_edited=\u00bbon|desktop\u00bb max_width=\u00bb89%\u00bb max_width_tablet=\u00bb80%\u00bb max_width_phone=\u00bb\u00bb max_width_last_edited=\u00bbon|desktop\u00bb custom_padding=\u00bb200px|40px|200px|40px|true|true\u00bb custom_padding_tablet=\u00bb\u00bb custom_padding_phone=\u00bb60px||60px||true\u00bb animation_style=\u00bbslide\u00bb animation_direction=\u00bbbottom\u00bb animation_intensity_slide=\u00bb20%\u00bb animation_starting_opacity=\u00bb100%\u00bb make_fullwidth=\u00bbon\u00bb][et_pb_column type=\u00bb4_4&#8243; _builder_version=\u00bb3.25&#8243; custom_padding=\u00bb|||\u00bb custom_padding__hover=\u00bb|||\u00bb][et_pb_text _builder_version=\u00bb4.5.1&#8243; text_font=\u00bb||||||||\u00bb header_font=\u00bb||||||||\u00bb header_2_font=\u00bbOswald|500||on|||||\u00bb header_2_text_align=\u00bbcenter\u00bb header_2_font_size=\u00bb60px\u00bb header_2_letter_spacing=\u00bb2px\u00bb header_2_line_height=\u00bb1.5em\u00bb header_5_font=\u00bbOswald|||on|||||\u00bb header_5_font_size=\u00bb18px\u00bb header_5_letter_spacing=\u00bb3px\u00bb header_5_line_height=\u00bb1.5em\u00bb text_orientation=\u00bbcenter\u00bb background_layout=\u00bbdark\u00bb max_width=\u00bb800px\u00bb module_alignment=\u00bbcenter\u00bb header_2_font_size_tablet=\u00bb60px\u00bb header_2_font_size_phone=\u00bb30px\u00bb header_2_font_size_last_edited=\u00bbon|phone\u00bb header_5_line_height_last_edited=\u00bboff|desktop\u00bb]<\/p>\n<h2>CONTACTO<\/h2>\n<p>[\/et_pb_text][et_pb_button button_url=\u00bbhttp:\/\/mijailalpizarweddings.com\/contacto\u00bb button_text=\u00bbIR A CONTACTO\u00bb button_alignment=\u00bbcenter\u00bb _builder_version=\u00bb4.5.1&#8243; custom_button=\u00bbon\u00bb button_text_size=\u00bb14px\u00bb button_text_color=\u00bb#b77593&#8243; button_bg_color=\u00bb#ffffff\u00bb button_border_width=\u00bb12px\u00bb button_border_color=\u00bb#ffffff\u00bb button_border_radius=\u00bb0px\u00bb button_letter_spacing=\u00bb5px\u00bb button_font=\u00bbRoboto|700||on|||||\u00bb custom_margin=\u00bb|||\u00bb custom_margin_tablet=\u00bb30px|||\u00bb custom_margin_phone=\u00bb|||\u00bb custom_margin_last_edited=\u00bboff|desktop\u00bb custom_padding=\u00bb|||\u00bb button_text_size__hover_enabled=\u00bboff\u00bb button_one_text_size__hover_enabled=\u00bboff\u00bb button_two_text_size__hover_enabled=\u00bboff\u00bb button_text_color__hover_enabled=\u00bboff\u00bb button_one_text_color__hover_enabled=\u00bboff\u00bb button_two_text_color__hover_enabled=\u00bboff\u00bb button_border_width__hover_enabled=\u00bboff\u00bb button_one_border_width__hover_enabled=\u00bboff\u00bb button_two_border_width__hover_enabled=\u00bboff\u00bb button_border_color__hover_enabled=\u00bboff\u00bb button_one_border_color__hover_enabled=\u00bboff\u00bb button_two_border_color__hover_enabled=\u00bboff\u00bb button_border_radius__hover_enabled=\u00bboff\u00bb button_one_border_radius__hover_enabled=\u00bboff\u00bb button_two_border_radius__hover_enabled=\u00bboff\u00bb button_letter_spacing__hover_enabled=\u00bboff\u00bb button_one_letter_spacing__hover_enabled=\u00bboff\u00bb button_two_letter_spacing__hover_enabled=\u00bboff\u00bb button_bg_color__hover_enabled=\u00bboff\u00bb button_one_bg_color__hover_enabled=\u00bboff\u00bb button_two_bg_color__hover_enabled=\u00bboff\u00bb][\/et_pb_button][\/et_pb_column][\/et_pb_row][\/et_pb_section]<\/p>\n","protected":false},"excerpt":{"rendered":"<p>Capacitaci\u00d3n y seminarios Educaci\u00f3n Con experiencia en m\u00e1s de 700 eventos exitosos en 16 a\u00f1os, Mijail Alp\u00cdzar realiza capacitaciones a empresas en servicio al cliente y asesoramiento a j\u00f3venes que desean iniciar en este fascinante negocio de la Organizaci\u00f3n de Eventos.\u00a0 Acorde a los tiempos actuales, tambi\u00e9n realiza capacitaciones a trav\u00e9s de Webinars.CONTACTO<\/p>\n","protected":false},"author":1,"featured_media":0,"parent":0,"menu_order":0,"comment_status":"closed","ping_status":"closed","template":"","meta":{"_et_pb_use_builder":"on","_et_pb_old_content":"","_et_gb_content_width":"","footnotes":""},"class_list":["post-235583","page","type-page","status-publish","hentry"],"yoast_head":"<!-- This site is optimized with the Yoast SEO plugin v27.1.1 - https:\/\/yoast.com\/product\/yoast-seo-wordpress\/ -->\n<title>CAPACITACION - Mijail Alpizar Weddings<\/title>\n<meta name=\"robots\" content=\"index, follow, max-snippet:-1, max-image-preview:large, max-video-preview:-1\" \/>\n<link rel=\"canonical\" href=\"https:\/\/mijailalpizarweddings.com\/es\/capacitacion\/\" \/>\n<meta property=\"og:locale\" content=\"es_ES\" \/>\n<meta property=\"og:type\" content=\"article\" \/>\n<meta property=\"og:title\" content=\"CAPACITACION - Mijail Alpizar Weddings\" \/>\n<meta property=\"og:description\" content=\"Capacitaci\u00d3n y seminarios Educaci\u00f3n Con experiencia en m\u00e1s de 700 eventos exitosos en 16 a\u00f1os, Mijail Alp\u00cdzar realiza capacitaciones a empresas en servicio al cliente y asesoramiento a j\u00f3venes que desean iniciar en este fascinante negocio de la Organizaci\u00f3n de Eventos.\u00a0 Acorde a los tiempos actuales, tambi\u00e9n realiza capacitaciones a trav\u00e9s de Webinars.CONTACTO\" \/>\n<meta property=\"og:url\" content=\"https:\/\/mijailalpizarweddings.com\/es\/capacitacion\/\" \/>\n<meta property=\"og:site_name\" content=\"Mijail Alpizar Weddings\" \/>\n<meta property=\"article:modified_time\" content=\"2021-06-28T21:39:53+00:00\" \/>\n<meta name=\"twitter:card\" content=\"summary_large_image\" \/>\n<meta name=\"twitter:label1\" content=\"Tiempo de lectura\" \/>\n\t<meta name=\"twitter:data1\" content=\"5 minutos\" \/>\n<script type=\"application\/ld+json\" class=\"yoast-schema-graph\">{\"@context\":\"https:\/\/schema.org\",\"@graph\":[{\"@type\":\"WebPage\",\"@id\":\"https:\/\/mijailalpizarweddings.com\/capacitacion\/\",\"url\":\"https:\/\/mijailalpizarweddings.com\/capacitacion\/\",\"name\":\"CAPACITACION - Mijail Alpizar Weddings\",\"isPartOf\":{\"@id\":\"https:\/\/mijailalpizarweddings.com\/es\/#website\"},\"datePublished\":\"2020-07-16T20:57:15+00:00\",\"dateModified\":\"2021-06-28T21:39:53+00:00\",\"breadcrumb\":{\"@id\":\"https:\/\/mijailalpizarweddings.com\/capacitacion\/#breadcrumb\"},\"inLanguage\":\"es\",\"potentialAction\":[{\"@type\":\"ReadAction\",\"target\":[\"https:\/\/mijailalpizarweddings.com\/capacitacion\/\"]}]},{\"@type\":\"BreadcrumbList\",\"@id\":\"https:\/\/mijailalpizarweddings.com\/capacitacion\/#breadcrumb\",\"itemListElement\":[{\"@type\":\"ListItem\",\"position\":1,\"name\":\"Portada\",\"item\":\"https:\/\/mijailalpizarweddings.com\/en\/\"},{\"@type\":\"ListItem\",\"position\":2,\"name\":\"CAPACITACION\"}]},{\"@type\":\"WebSite\",\"@id\":\"https:\/\/mijailalpizarweddings.com\/es\/#website\",\"url\":\"https:\/\/mijailalpizarweddings.com\/es\/\",\"name\":\"Mijail Alpizar Weddings\",\"description\":\"Weddings - Bodas - Eventos - Costa Rica\",\"potentialAction\":[{\"@type\":\"SearchAction\",\"target\":{\"@type\":\"EntryPoint\",\"urlTemplate\":\"https:\/\/mijailalpizarweddings.com\/es\/?s={search_term_string}\"},\"query-input\":{\"@type\":\"PropertyValueSpecification\",\"valueRequired\":true,\"valueName\":\"search_term_string\"}}],\"inLanguage\":\"es\"}]}<\/script>\n<!-- \/ Yoast SEO plugin. -->","yoast_head_json":{"title":"CAPACITACION - Mijail Alpizar Weddings","robots":{"index":"index","follow":"follow","max-snippet":"max-snippet:-1","max-image-preview":"max-image-preview:large","max-video-preview":"max-video-preview:-1"},"canonical":"https:\/\/mijailalpizarweddings.com\/es\/capacitacion\/","og_locale":"es_ES","og_type":"article","og_title":"CAPACITACION - Mijail Alpizar Weddings","og_description":"Capacitaci\u00d3n y seminarios Educaci\u00f3n Con experiencia en m\u00e1s de 700 eventos exitosos en 16 a\u00f1os, Mijail Alp\u00cdzar realiza capacitaciones a empresas en servicio al cliente y asesoramiento a j\u00f3venes que desean iniciar en este fascinante negocio de la Organizaci\u00f3n de Eventos.\u00a0 Acorde a los tiempos actuales, tambi\u00e9n realiza capacitaciones a trav\u00e9s de Webinars.CONTACTO","og_url":"https:\/\/mijailalpizarweddings.com\/es\/capacitacion\/","og_site_name":"Mijail Alpizar Weddings","article_modified_time":"2021-06-28T21:39:53+00:00","twitter_card":"summary_large_image","twitter_misc":{"Tiempo de lectura":"5 minutos"},"schema":{"@context":"https:\/\/schema.org","@graph":[{"@type":"WebPage","@id":"https:\/\/mijailalpizarweddings.com\/capacitacion\/","url":"https:\/\/mijailalpizarweddings.com\/capacitacion\/","name":"CAPACITACION - Mijail Alpizar Weddings","isPartOf":{"@id":"https:\/\/mijailalpizarweddings.com\/es\/#website"},"datePublished":"2020-07-16T20:57:15+00:00","dateModified":"2021-06-28T21:39:53+00:00","breadcrumb":{"@id":"https:\/\/mijailalpizarweddings.com\/capacitacion\/#breadcrumb"},"inLanguage":"es","potentialAction":[{"@type":"ReadAction","target":["https:\/\/mijailalpizarweddings.com\/capacitacion\/"]}]},{"@type":"BreadcrumbList","@id":"https:\/\/mijailalpizarweddings.com\/capacitacion\/#breadcrumb","itemListElement":[{"@type":"ListItem","position":1,"name":"Portada","item":"https:\/\/mijailalpizarweddings.com\/en\/"},{"@type":"ListItem","position":2,"name":"CAPACITACION"}]},{"@type":"WebSite","@id":"https:\/\/mijailalpizarweddings.com\/es\/#website","url":"https:\/\/mijailalpizarweddings.com\/es\/","name":"Mijail Alpizar Weddings","description":"Weddings - Bodas - Eventos - Costa Rica","potentialAction":[{"@type":"SearchAction","target":{"@type":"EntryPoint","urlTemplate":"https:\/\/mijailalpizarweddings.com\/es\/?s={search_term_string}"},"query-input":{"@type":"PropertyValueSpecification","valueRequired":true,"valueName":"search_term_string"}}],"inLanguage":"es"}]}},"_links":{"self":[{"href":"https:\/\/mijailalpizarweddings.com\/es\/wp-json\/wp\/v2\/pages\/235583","targetHints":{"allow":["GET"]}}],"collection":[{"href":"https:\/\/mijailalpizarweddings.com\/es\/wp-json\/wp\/v2\/pages"}],"about":[{"href":"https:\/\/mijailalpizarweddings.com\/es\/wp-json\/wp\/v2\/types\/page"}],"author":[{"embeddable":true,"href":"https:\/\/mijailalpizarweddings.com\/es\/wp-json\/wp\/v2\/users\/1"}],"replies":[{"embeddable":true,"href":"https:\/\/mijailalpizarweddings.com\/es\/wp-json\/wp\/v2\/comments?post=235583"}],"version-history":[{"count":14,"href":"https:\/\/mijailalpizarweddings.com\/es\/wp-json\/wp\/v2\/pages\/235583\/revisions"}],"predecessor-version":[{"id":235738,"href":"https:\/\/mijailalpizarweddings.com\/es\/wp-json\/wp\/v2\/pages\/235583\/revisions\/235738"}],"wp:attachment":[{"href":"https:\/\/mijailalpizarweddings.com\/es\/wp-json\/wp\/v2\/media?parent=235583"}],"curies":[{"name":"wp","href":"https:\/\/api.w.org\/{rel}","templated":true}]}}